{"id":805,"date":"2026-03-26T12:52:11","date_gmt":"2026-03-26T12:52:11","guid":{"rendered":"https:\/\/holy-incense.com\/?page_id=805"},"modified":"2026-03-26T14:01:57","modified_gmt":"2026-03-26T14:01:57","slug":"elementor-strona-805","status":"publish","type":"page","link":"https:\/\/holy-incense.com\/en\/elementor-strona-805\/","title":{"rendered":"Elementor Page #805"},"content":{"rendered":"<div data-elementor-type=\"wp-page\" data-elementor-id=\"805\" class=\"elementor elementor-805\">\n\t\t\t\t<div class=\"elementor-element elementor-element-9206996 e-flex e-con-boxed e-con e-parent\" data-id=\"9206996\" data-element_type=\"container\" data-e-type=\"container\">\n\t\t\t\t\t<div class=\"e-con-inner\">\n\t\t\t\t\t<\/div>\n\t\t\t\t<\/div>\n\t\t<div class=\"elementor-element elementor-element-90f36fe e-flex e-con-boxed e-con e-parent\" data-id=\"90f36fe\" data-element_type=\"container\" data-e-type=\"container\">\n\t\t\t\t\t<div class=\"e-con-inner\">\n\t\t<div class=\"elementor-element elementor-element-369bf95 e-con-full e-flex e-con e-child\" data-id=\"369bf95\" data-element_type=\"container\" data-e-type=\"container\">\n\t\t<div class=\"elementor-element elementor-element-d53bf10 e-grid e-con-full e-con e-child\" data-id=\"d53bf10\" data-element_type=\"container\" data-e-type=\"container\">\n\t\t\t\t<div class=\"elementor-element elementor-element-82a8547 elementor-align-center elementor-widget elementor-widget-button\" data-id=\"82a8547\" data-element_type=\"widget\" data-e-type=\"widget\" data-widget_type=\"button.default\">\n\t\t\t\t<div class=\"elementor-widget-container\">\n\t\t\t\t\t\t\t\t\t<div class=\"elementor-button-wrapper\">\n\t\t\t\t\t<a class=\"elementor-button elementor-button-link elementor-size-sm\" href=\"https:\/\/dabrowscyczk.pl\/pl\/producer\/Holy-Incense\/26\">\n\t\t\t\t\t\t<span class=\"elementor-button-content-wrapper\">\n\t\t\t\t\t\t\t\t\t<span class=\"elementor-button-text\">Store for Priests<\/span>\n\t\t\t\t\t<\/span>\n\t\t\t\t\t<\/a>\n\t\t\t\t<\/div>\n\t\t\t\t\t\t\t\t<\/div>\n\t\t\t\t<\/div>\n\t\t\t\t<div class=\"elementor-element elementor-element-332aa89 elementor-widget elementor-widget-button\" data-id=\"332aa89\" data-element_type=\"widget\" data-e-type=\"widget\" data-widget_type=\"button.default\">\n\t\t\t\t<div class=\"elementor-widget-container\">\n\t\t\t\t\t\t\t\t\t<div class=\"elementor-button-wrapper\">\n\t\t\t\t\t<a class=\"elementor-button elementor-button-link elementor-size-sm\" href=\"https:\/\/holy-incense.com\/en\/contact\/\">\n\t\t\t\t\t\t<span class=\"elementor-button-content-wrapper\">\n\t\t\t\t\t\t\t\t\t<span class=\"elementor-button-text\">B2B cooperation<\/span>\n\t\t\t\t\t<\/span>\n\t\t\t\t\t<\/a>\n\t\t\t\t<\/div>\n\t\t\t\t\t\t\t\t<\/div>\n\t\t\t\t<\/div>\n\t\t\t\t<\/div>\n\t\t\t\t<\/div>\n\t\t\t\t<div class=\"elementor-element elementor-element-9ea424d elementor-widget elementor-widget-text-editor\" data-id=\"9ea424d\" data-element_type=\"widget\" data-e-type=\"widget\" data-widget_type=\"text-editor.default\">\n\t\t\t\t<div class=\"elementor-widget-container\">\n\t\t\t\t\t\t\t\t\t<p>PREMIUM INCENSE RESIN<\/p>\t\t\t\t\t\t\t\t<\/div>\n\t\t\t\t<\/div>\n\t\t<div class=\"elementor-element elementor-element-3f77f3d e-grid e-con-full e-con e-child\" data-id=\"3f77f3d\" data-element_type=\"container\" data-e-type=\"container\">\n\t\t\t\t<div class=\"elementor-element elementor-element-f7b81fc elementor-position-top elementor-widget elementor-widget-image-box\" data-id=\"f7b81fc\" data-element_type=\"widget\" data-e-type=\"widget\" data-widget_type=\"image-box.default\">\n\t\t\t\t<div class=\"elementor-widget-container\">\n\t\t\t\t\t<div class=\"elementor-image-box-wrapper\"><figure class=\"elementor-image-box-img\"><img fetchpriority=\"high\" decoding=\"async\" width=\"1024\" height=\"1536\" src=\"https:\/\/holy-incense.com\/wp-content\/uploads\/2026\/03\/premium-line-archgabriel.png\" class=\"attachment-full size-full wp-image-682\" alt=\"premium-line-archgabriel\" title=\"Elementor Page #805\" srcset=\"https:\/\/holy-incense.com\/wp-content\/uploads\/2026\/03\/premium-line-archgabriel.png 1024w, https:\/\/holy-incense.com\/wp-content\/uploads\/2026\/03\/premium-line-archgabriel-200x300.png 200w, https:\/\/holy-incense.com\/wp-content\/uploads\/2026\/03\/premium-line-archgabriel-683x1024.png 683w, https:\/\/holy-incense.com\/wp-content\/uploads\/2026\/03\/premium-line-archgabriel-768x1152.png 768w\" sizes=\"(max-width: 1024px) 100vw, 1024px\" \/><\/figure><div class=\"elementor-image-box-content\"><h3 class=\"elementor-image-box-title\">ARCH GABRIEL<\/h3><p class=\"elementor-image-box-description\">A classic liturgical incense with a deep, resinous aroma with delicate balsamic notes. Ideal for daily celebrations and traditional services.<\/p><\/div><\/div>\t\t\t\t<\/div>\n\t\t\t\t<\/div>\n\t\t\t\t<div class=\"elementor-element elementor-element-d25eefa elementor-position-top elementor-widget elementor-widget-image-box\" data-id=\"d25eefa\" data-element_type=\"widget\" data-e-type=\"widget\" data-widget_type=\"image-box.default\">\n\t\t\t\t<div class=\"elementor-widget-container\">\n\t\t\t\t\t<div class=\"elementor-image-box-wrapper\"><figure class=\"elementor-image-box-img\"><img decoding=\"async\" width=\"1024\" height=\"1536\" src=\"https:\/\/holy-incense.com\/wp-content\/uploads\/2026\/03\/premium-line-ascencio-gold.png\" class=\"attachment-full size-full wp-image-696\" alt=\"premium-line-ascencio-gold\" title=\"Elementor Page #805\" srcset=\"https:\/\/holy-incense.com\/wp-content\/uploads\/2026\/03\/premium-line-ascencio-gold.png 1024w, https:\/\/holy-incense.com\/wp-content\/uploads\/2026\/03\/premium-line-ascencio-gold-200x300.png 200w, https:\/\/holy-incense.com\/wp-content\/uploads\/2026\/03\/premium-line-ascencio-gold-683x1024.png 683w, https:\/\/holy-incense.com\/wp-content\/uploads\/2026\/03\/premium-line-ascencio-gold-768x1152.png 768w\" sizes=\"(max-width: 1024px) 100vw, 1024px\" \/><\/figure><div class=\"elementor-image-box-content\"><h3 class=\"elementor-image-box-title\">Ascencio Gold<\/h3><p class=\"elementor-image-box-description\">Elegant composition with a warm, noble fragrance with a noticeable hint of sweetness. Perfect for solemn liturgies and special occasions.<\/p><\/div><\/div>\t\t\t\t<\/div>\n\t\t\t\t<\/div>\n\t\t\t\t<div class=\"elementor-element elementor-element-85ad7d5 elementor-position-top elementor-widget elementor-widget-image-box\" data-id=\"85ad7d5\" data-element_type=\"widget\" data-e-type=\"widget\" data-widget_type=\"image-box.default\">\n\t\t\t\t<div class=\"elementor-widget-container\">\n\t\t\t\t\t<div class=\"elementor-image-box-wrapper\"><figure class=\"elementor-image-box-img\"><img decoding=\"async\" width=\"1024\" height=\"1536\" src=\"https:\/\/holy-incense.com\/wp-content\/uploads\/2026\/03\/premium-line-eden.png\" class=\"attachment-full size-full wp-image-684\" alt=\"premium-line-eden\" title=\"Elementor Page #805\" srcset=\"https:\/\/holy-incense.com\/wp-content\/uploads\/2026\/03\/premium-line-eden.png 1024w, https:\/\/holy-incense.com\/wp-content\/uploads\/2026\/03\/premium-line-eden-200x300.png 200w, https:\/\/holy-incense.com\/wp-content\/uploads\/2026\/03\/premium-line-eden-683x1024.png 683w, https:\/\/holy-incense.com\/wp-content\/uploads\/2026\/03\/premium-line-eden-768x1152.png 768w\" sizes=\"(max-width: 1024px) 100vw, 1024px\" \/><\/figure><div class=\"elementor-image-box-content\"><h3 class=\"elementor-image-box-title\">EDEN<\/h3><p class=\"elementor-image-box-description\">A fresh, harmonious incense with a light, natural character. It combines floral and resinous notes to create a subtle, peaceful atmosphere of prayer.<\/p><\/div><\/div>\t\t\t\t<\/div>\n\t\t\t\t<\/div>\n\t\t\t\t<div class=\"elementor-element elementor-element-bf91400 elementor-position-top elementor-widget elementor-widget-image-box\" data-id=\"bf91400\" data-element_type=\"widget\" data-e-type=\"widget\" data-widget_type=\"image-box.default\">\n\t\t\t\t<div class=\"elementor-widget-container\">\n\t\t\t\t\t<div class=\"elementor-image-box-wrapper\"><figure class=\"elementor-image-box-img\"><img loading=\"lazy\" decoding=\"async\" width=\"1024\" height=\"1536\" src=\"https:\/\/holy-incense.com\/wp-content\/uploads\/2026\/03\/premium-line-rose-gold.png\" class=\"attachment-full size-full wp-image-680\" alt=\"premium-line-rose-gold\" title=\"Elementor Page #805\" srcset=\"https:\/\/holy-incense.com\/wp-content\/uploads\/2026\/03\/premium-line-rose-gold.png 1024w, https:\/\/holy-incense.com\/wp-content\/uploads\/2026\/03\/premium-line-rose-gold-200x300.png 200w, https:\/\/holy-incense.com\/wp-content\/uploads\/2026\/03\/premium-line-rose-gold-683x1024.png 683w, https:\/\/holy-incense.com\/wp-content\/uploads\/2026\/03\/premium-line-rose-gold-768x1152.png 768w\" sizes=\"(max-width: 1024px) 100vw, 1024px\" \/><\/figure><div class=\"elementor-image-box-content\"><h3 class=\"elementor-image-box-title\">ROSE GOLD<\/h3><p class=\"elementor-image-box-description\">A unique incense with a delicate floral aroma with a hint of rose. It gives celebrations elegance and a unique, solemn atmosphere.<\/p><\/div><\/div>\t\t\t\t<\/div>\n\t\t\t\t<\/div>\n\t\t\t\t<div class=\"elementor-element elementor-element-6701906 elementor-position-top elementor-widget elementor-widget-image-box\" data-id=\"6701906\" data-element_type=\"widget\" data-e-type=\"widget\" data-widget_type=\"image-box.default\">\n\t\t\t\t<div class=\"elementor-widget-container\">\n\t\t\t\t\t<div class=\"elementor-image-box-wrapper\"><figure class=\"elementor-image-box-img\"><img loading=\"lazy\" decoding=\"async\" width=\"1061\" height=\"1500\" src=\"https:\/\/holy-incense.com\/wp-content\/uploads\/2026\/03\/5.png\" class=\"attachment-full size-full wp-image-811\" alt=\"5\" title=\"Elementor Page #805\" srcset=\"https:\/\/holy-incense.com\/wp-content\/uploads\/2026\/03\/5.png 1061w, https:\/\/holy-incense.com\/wp-content\/uploads\/2026\/03\/5-212x300.png 212w, https:\/\/holy-incense.com\/wp-content\/uploads\/2026\/03\/5-724x1024.png 724w, https:\/\/holy-incense.com\/wp-content\/uploads\/2026\/03\/5-768x1086.png 768w, https:\/\/holy-incense.com\/wp-content\/uploads\/2026\/03\/5-8x12.png 8w\" sizes=\"(max-width: 1061px) 100vw, 1061px\" \/><\/figure><div class=\"elementor-image-box-content\"><h3 class=\"elementor-image-box-title\">OLIBANUM NATURAL<\/h3><p class=\"elementor-image-box-description\">Natural incense resin of the highest quality. Pure, intense fragrance of olibanum - ideal for traditional liturgical uses.<\/p><\/div><\/div>\t\t\t\t<\/div>\n\t\t\t\t<\/div>\n\t\t\t\t<div class=\"elementor-element elementor-element-a7a38f1 elementor-position-top elementor-widget elementor-widget-image-box\" data-id=\"a7a38f1\" data-element_type=\"widget\" data-e-type=\"widget\" data-widget_type=\"image-box.default\">\n\t\t\t\t<div class=\"elementor-widget-container\">\n\t\t\t\t\t<div class=\"elementor-image-box-wrapper\"><figure class=\"elementor-image-box-img\"><img loading=\"lazy\" decoding=\"async\" width=\"1061\" height=\"1500\" src=\"https:\/\/holy-incense.com\/wp-content\/uploads\/2026\/03\/6.png\" class=\"attachment-full size-full wp-image-812\" alt=\"6\" title=\"Elementor Page #805\" srcset=\"https:\/\/holy-incense.com\/wp-content\/uploads\/2026\/03\/6.png 1061w, https:\/\/holy-incense.com\/wp-content\/uploads\/2026\/03\/6-212x300.png 212w, https:\/\/holy-incense.com\/wp-content\/uploads\/2026\/03\/6-724x1024.png 724w, https:\/\/holy-incense.com\/wp-content\/uploads\/2026\/03\/6-768x1086.png 768w, https:\/\/holy-incense.com\/wp-content\/uploads\/2026\/03\/6-8x12.png 8w\" sizes=\"(max-width: 1061px) 100vw, 1061px\" \/><\/figure><div class=\"elementor-image-box-content\"><h3 class=\"elementor-image-box-title\">OLIBANUM POWDER<\/h3><p class=\"elementor-image-box-description\">A finely ground natural incense with a quick release of aroma. Perfect for intense incense and shorter celebrations.<\/p><\/div><\/div>\t\t\t\t<\/div>\n\t\t\t\t<\/div>\n\t\t\t\t<\/div>\n\t\t<div class=\"elementor-element elementor-element-206a85a e-con-full e-flex e-con e-child\" data-id=\"206a85a\" data-element_type=\"container\" data-e-type=\"container\">\n\t\t\t\t<div class=\"elementor-element elementor-element-b5976df elementor-widget elementor-widget-text-editor\" data-id=\"b5976df\" data-element_type=\"widget\" data-e-type=\"widget\" data-widget_type=\"text-editor.default\">\n\t\t\t\t<div class=\"elementor-widget-container\">\n\t\t\t\t\t\t\t\t\t<p>INCENSE EXODUS LINE<\/p>\t\t\t\t\t\t\t\t<\/div>\n\t\t\t\t<\/div>\n\t\t<div class=\"elementor-element elementor-element-3869f0c e-grid e-con-full e-con e-child\" data-id=\"3869f0c\" data-element_type=\"container\" data-e-type=\"container\">\n\t\t\t\t<div class=\"elementor-element elementor-element-44ae9ec elementor-position-top elementor-widget elementor-widget-image-box\" data-id=\"44ae9ec\" data-element_type=\"widget\" data-e-type=\"widget\" data-widget_type=\"image-box.default\">\n\t\t\t\t<div class=\"elementor-widget-container\">\n\t\t\t\t\t<div class=\"elementor-image-box-wrapper\"><figure class=\"elementor-image-box-img\"><img loading=\"lazy\" decoding=\"async\" width=\"1024\" height=\"1024\" src=\"https:\/\/holy-incense.com\/wp-content\/uploads\/2026\/03\/exodus-line-gold.png\" class=\"attachment-1536x1536 size-1536x1536 wp-image-693\" alt=\"exodus-line-gold\" title=\"Elementor Page #805\" srcset=\"https:\/\/holy-incense.com\/wp-content\/uploads\/2026\/03\/exodus-line-gold.png 1024w, https:\/\/holy-incense.com\/wp-content\/uploads\/2026\/03\/exodus-line-gold-300x300.png 300w, https:\/\/holy-incense.com\/wp-content\/uploads\/2026\/03\/exodus-line-gold-150x150.png 150w, https:\/\/holy-incense.com\/wp-content\/uploads\/2026\/03\/exodus-line-gold-768x768.png 768w\" sizes=\"(max-width: 1024px) 100vw, 1024px\" \/><\/figure><div class=\"elementor-image-box-content\"><h3 class=\"elementor-image-box-title\">EFEZ GOLD<\/h3><\/div><\/div>\t\t\t\t<\/div>\n\t\t\t\t<\/div>\n\t\t\t\t<div class=\"elementor-element elementor-element-18217f1 elementor-position-top elementor-widget elementor-widget-image-box\" data-id=\"18217f1\" data-element_type=\"widget\" data-e-type=\"widget\" data-widget_type=\"image-box.default\">\n\t\t\t\t<div class=\"elementor-widget-container\">\n\t\t\t\t\t<div class=\"elementor-image-box-wrapper\"><figure class=\"elementor-image-box-img\"><img loading=\"lazy\" decoding=\"async\" width=\"1024\" height=\"1024\" src=\"https:\/\/holy-incense.com\/wp-content\/uploads\/2026\/03\/exodus-line-mira.png\" class=\"attachment-full size-full wp-image-674\" alt=\"exodus-line-mira\" title=\"Elementor Page #805\" srcset=\"https:\/\/holy-incense.com\/wp-content\/uploads\/2026\/03\/exodus-line-mira.png 1024w, https:\/\/holy-incense.com\/wp-content\/uploads\/2026\/03\/exodus-line-mira-300x300.png 300w, https:\/\/holy-incense.com\/wp-content\/uploads\/2026\/03\/exodus-line-mira-150x150.png 150w, https:\/\/holy-incense.com\/wp-content\/uploads\/2026\/03\/exodus-line-mira-768x768.png 768w\" sizes=\"(max-width: 1024px) 100vw, 1024px\" \/><\/figure><div class=\"elementor-image-box-content\"><h3 class=\"elementor-image-box-title\">ROSE<\/h3><\/div><\/div>\t\t\t\t<\/div>\n\t\t\t\t<\/div>\n\t\t\t\t<div class=\"elementor-element elementor-element-35199c1 elementor-position-top elementor-widget elementor-widget-image-box\" data-id=\"35199c1\" data-element_type=\"widget\" data-e-type=\"widget\" data-widget_type=\"image-box.default\">\n\t\t\t\t<div class=\"elementor-widget-container\">\n\t\t\t\t\t<div class=\"elementor-image-box-wrapper\"><figure class=\"elementor-image-box-img\"><img loading=\"lazy\" decoding=\"async\" width=\"1024\" height=\"1024\" src=\"https:\/\/holy-incense.com\/wp-content\/uploads\/2026\/03\/exodus-line-1-kg-black.png\" class=\"attachment-full size-full wp-image-673\" alt=\"exodus-line-1-kg-black\" title=\"Elementor Page #805\" srcset=\"https:\/\/holy-incense.com\/wp-content\/uploads\/2026\/03\/exodus-line-1-kg-black.png 1024w, https:\/\/holy-incense.com\/wp-content\/uploads\/2026\/03\/exodus-line-1-kg-black-300x300.png 300w, https:\/\/holy-incense.com\/wp-content\/uploads\/2026\/03\/exodus-line-1-kg-black-150x150.png 150w, https:\/\/holy-incense.com\/wp-content\/uploads\/2026\/03\/exodus-line-1-kg-black-768x768.png 768w\" sizes=\"(max-width: 1024px) 100vw, 1024px\" \/><\/figure><div class=\"elementor-image-box-content\"><h3 class=\"elementor-image-box-title\">BLACK SAINT CYPRUS<\/h3><\/div><\/div>\t\t\t\t<\/div>\n\t\t\t\t<\/div>\n\t\t\t\t<div class=\"elementor-element elementor-element-925615e elementor-position-top elementor-widget elementor-widget-image-box\" data-id=\"925615e\" data-element_type=\"widget\" data-e-type=\"widget\" data-widget_type=\"image-box.default\">\n\t\t\t\t<div class=\"elementor-widget-container\">\n\t\t\t\t\t<div class=\"elementor-image-box-wrapper\"><figure class=\"elementor-image-box-img\"><img loading=\"lazy\" decoding=\"async\" width=\"1024\" height=\"1024\" src=\"https:\/\/holy-incense.com\/wp-content\/uploads\/2026\/03\/exodus-line.png\" class=\"attachment-full size-full wp-image-679\" alt=\"exodus-line\" title=\"Elementor Page #805\" srcset=\"https:\/\/holy-incense.com\/wp-content\/uploads\/2026\/03\/exodus-line.png 1024w, https:\/\/holy-incense.com\/wp-content\/uploads\/2026\/03\/exodus-line-300x300.png 300w, https:\/\/holy-incense.com\/wp-content\/uploads\/2026\/03\/exodus-line-150x150.png 150w, https:\/\/holy-incense.com\/wp-content\/uploads\/2026\/03\/exodus-line-768x768.png 768w\" sizes=\"(max-width: 1024px) 100vw, 1024px\" \/><\/figure><div class=\"elementor-image-box-content\"><h3 class=\"elementor-image-box-title\">MIRRA<\/h3><\/div><\/div>\t\t\t\t<\/div>\n\t\t\t\t<\/div>\n\t\t\t\t<\/div>\n\t\t\t\t<\/div>\n\t\t<div class=\"elementor-element elementor-element-02ce618 e-con-full e-flex e-con e-child\" data-id=\"02ce618\" data-element_type=\"container\" data-e-type=\"container\">\n\t\t\t\t<div class=\"elementor-element elementor-element-87d66e6 elementor-widget elementor-widget-text-editor\" data-id=\"87d66e6\" data-element_type=\"widget\" data-e-type=\"widget\" data-widget_type=\"text-editor.default\">\n\t\t\t\t<div class=\"elementor-widget-container\">\n\t\t\t\t\t\t\t\t\t<p>HOLY INCENSE CHERVIL COALS<\/p><h6>22 mm, 33 mm, 40 mm, 45 mm<\/h6>\t\t\t\t\t\t\t\t<\/div>\n\t\t\t\t<\/div>\n\t\t\t\t<\/div>\n\t\t<div class=\"elementor-element elementor-element-b9b308a e-grid e-con-full e-con e-child\" data-id=\"b9b308a\" data-element_type=\"container\" data-e-type=\"container\">\n\t\t\t\t<div class=\"elementor-element elementor-element-2e2795a elementor-widget elementor-widget-image\" data-id=\"2e2795a\" data-element_type=\"widget\" data-e-type=\"widget\" data-widget_type=\"image.default\">\n\t\t\t\t<div class=\"elementor-widget-container\">\n\t\t\t\t\t\t\t\t\t\t\t\t\t\t\t<img loading=\"lazy\" decoding=\"async\" width=\"724\" height=\"1024\" src=\"https:\/\/holy-incense.com\/wp-content\/uploads\/2026\/03\/1-724x1024.png\" class=\"attachment-large size-large wp-image-707\" alt=\"1\" srcset=\"https:\/\/holy-incense.com\/wp-content\/uploads\/2026\/03\/1-724x1024.png 724w, https:\/\/holy-incense.com\/wp-content\/uploads\/2026\/03\/1-212x300.png 212w, https:\/\/holy-incense.com\/wp-content\/uploads\/2026\/03\/1-768x1086.png 768w, https:\/\/holy-incense.com\/wp-content\/uploads\/2026\/03\/1-1086x1536.png 1086w, https:\/\/holy-incense.com\/wp-content\/uploads\/2026\/03\/1.png 1414w\" sizes=\"(max-width: 724px) 100vw, 724px\" title=\"Elementor Page #805\">\t\t\t\t\t\t\t\t\t\t\t\t\t\t\t<\/div>\n\t\t\t\t<\/div>\n\t\t\t\t<div class=\"elementor-element elementor-element-32de39d elementor-widget elementor-widget-image\" data-id=\"32de39d\" data-element_type=\"widget\" data-e-type=\"widget\" data-widget_type=\"image.default\">\n\t\t\t\t<div class=\"elementor-widget-container\">\n\t\t\t\t\t\t\t\t\t\t\t\t\t\t\t<img loading=\"lazy\" decoding=\"async\" width=\"724\" height=\"1024\" src=\"https:\/\/holy-incense.com\/wp-content\/uploads\/2026\/03\/2-724x1024.png\" class=\"attachment-large size-large wp-image-834\" alt=\"2\" srcset=\"https:\/\/holy-incense.com\/wp-content\/uploads\/2026\/03\/2-724x1024.png 724w, https:\/\/holy-incense.com\/wp-content\/uploads\/2026\/03\/2-212x300.png 212w, https:\/\/holy-incense.com\/wp-content\/uploads\/2026\/03\/2-768x1086.png 768w, https:\/\/holy-incense.com\/wp-content\/uploads\/2026\/03\/2-1086x1536.png 1086w, https:\/\/holy-incense.com\/wp-content\/uploads\/2026\/03\/2-8x12.png 8w, https:\/\/holy-incense.com\/wp-content\/uploads\/2026\/03\/2.png 1414w\" sizes=\"(max-width: 724px) 100vw, 724px\" title=\"Elementor Page #805\">\t\t\t\t\t\t\t\t\t\t\t\t\t\t\t<\/div>\n\t\t\t\t<\/div>\n\t\t\t\t<div class=\"elementor-element elementor-element-ba36995 elementor-widget elementor-widget-image\" data-id=\"ba36995\" data-element_type=\"widget\" data-e-type=\"widget\" data-widget_type=\"image.default\">\n\t\t\t\t<div class=\"elementor-widget-container\">\n\t\t\t\t\t\t\t\t\t\t\t\t\t\t\t<img loading=\"lazy\" decoding=\"async\" width=\"724\" height=\"1024\" src=\"https:\/\/holy-incense.com\/wp-content\/uploads\/2026\/03\/40-724x1024.png\" class=\"attachment-large size-large wp-image-836\" alt=\"40\" srcset=\"https:\/\/holy-incense.com\/wp-content\/uploads\/2026\/03\/40-724x1024.png 724w, https:\/\/holy-incense.com\/wp-content\/uploads\/2026\/03\/40-212x300.png 212w, https:\/\/holy-incense.com\/wp-content\/uploads\/2026\/03\/40-768x1086.png 768w, https:\/\/holy-incense.com\/wp-content\/uploads\/2026\/03\/40-1086x1536.png 1086w, https:\/\/holy-incense.com\/wp-content\/uploads\/2026\/03\/40-8x12.png 8w, https:\/\/holy-incense.com\/wp-content\/uploads\/2026\/03\/40.png 1414w\" sizes=\"(max-width: 724px) 100vw, 724px\" title=\"Elementor Page #805\">\t\t\t\t\t\t\t\t\t\t\t\t\t\t\t<\/div>\n\t\t\t\t<\/div>\n\t\t\t\t<div class=\"elementor-element elementor-element-0dd5249 elementor-widget elementor-widget-image\" data-id=\"0dd5249\" data-element_type=\"widget\" data-e-type=\"widget\" data-widget_type=\"image.default\">\n\t\t\t\t<div class=\"elementor-widget-container\">\n\t\t\t\t\t\t\t\t\t\t\t\t\t\t\t<img loading=\"lazy\" decoding=\"async\" width=\"724\" height=\"1024\" src=\"https:\/\/holy-incense.com\/wp-content\/uploads\/2026\/03\/3-724x1024.png\" class=\"attachment-large size-large wp-image-835\" alt=\"3\" srcset=\"https:\/\/holy-incense.com\/wp-content\/uploads\/2026\/03\/3-724x1024.png 724w, https:\/\/holy-incense.com\/wp-content\/uploads\/2026\/03\/3-212x300.png 212w, https:\/\/holy-incense.com\/wp-content\/uploads\/2026\/03\/3-768x1086.png 768w, https:\/\/holy-incense.com\/wp-content\/uploads\/2026\/03\/3-1086x1536.png 1086w, https:\/\/holy-incense.com\/wp-content\/uploads\/2026\/03\/3-8x12.png 8w, https:\/\/holy-incense.com\/wp-content\/uploads\/2026\/03\/3.png 1414w\" sizes=\"(max-width: 724px) 100vw, 724px\" title=\"Elementor Page #805\">\t\t\t\t\t\t\t\t\t\t\t\t\t\t\t<\/div>\n\t\t\t\t<\/div>\n\t\t\t\t<\/div>\n\t\t\t\t\t<\/div>\n\t\t\t\t<\/div>\n\t\t\t\t<\/div>","protected":false},"excerpt":{"rendered":"<p>Sklep dla Ksi\u0119\u017cy Wsp\u00f3\u0142praca B2B KADZID\u0141O PREMIUM RESIN ARCH GABRIEL Klasyczne kadzid\u0142o liturgiczne o g\u0142\u0119bokim, \u017cywicznym aromacie z delikatnymi nutami [&hellip;]<\/p>\n","protected":false},"author":2,"featured_media":0,"parent":0,"menu_order":0,"comment_status":"closed","ping_status":"closed","template":"","meta":{"_angie_page":false,"site-sidebar-layout":"no-sidebar","site-content-layout":"","ast-site-content-layout":"full-width-container","site-content-style":"default","site-sidebar-style":"default","ast-global-header-display":"","ast-banner-title-visibility":"","ast-main-header-display":"","ast-hfb-above-header-display":"","ast-hfb-below-header-display":"","ast-hfb-mobile-header-display":"","site-post-title":"disabled","ast-breadcrumbs-content":"","ast-featured-img":"disabled","footer-sml-layout":"","ast-disable-related-posts":"","theme-transparent-header-meta":"","adv-header-id-meta":"","stick-header-meta":"","header-above-stick-meta":"","header-main-stick-meta":"","header-below-stick-meta":"","astra-migrate-meta-layouts":"default","ast-page-background-enabled":"default","ast-page-background-meta":{"desktop":{"background-color":"var(--ast-global-color-5)","background-image":"","background-repeat":"repeat","background-position":"center center","background-size":"auto","background-attachment":"scroll","background-type":"","background-media":"","overlay-type":"","overlay-color":"","overlay-opacity":"","overlay-gradient":""},"tablet":{"background-color":"","background-image":"","background-repeat":"repeat","background-position":"center center","background-size":"auto","background-attachment":"scroll","background-type":"","background-media":"","overlay-type":"","overlay-color":"","overlay-opacity":"","overlay-gradient":""},"mobile":{"background-color":"","background-image":"","background-repeat":"repeat","background-position":"center center","background-size":"auto","background-attachment":"scroll","background-type":"","background-media":"","overlay-type":"","overlay-color":"","overlay-opacity":"","overlay-gradient":""}},"ast-content-background-meta":{"desktop":{"background-color":"var(--ast-global-color-4)","background-image":"","background-repeat":"repeat","background-position":"center center","background-size":"auto","background-attachment":"scroll","background-type":"","background-media":"","overlay-type":"","overlay-color":"","overlay-opacity":"","overlay-gradient":""},"tablet":{"background-color":"var(--ast-global-color-4)","background-image":"","background-repeat":"repeat","background-position":"center center","background-size":"auto","background-attachment":"scroll","background-type":"","background-media":"","overlay-type":"","overlay-color":"","overlay-opacity":"","overlay-gradient":""},"mobile":{"background-color":"var(--ast-global-color-4)","background-image":"","background-repeat":"repeat","background-position":"center center","background-size":"auto","background-attachment":"scroll","background-type":"","background-media":"","overlay-type":"","overlay-color":"","overlay-opacity":"","overlay-gradient":""}},"footnotes":""},"class_list":["post-805","page","type-page","status-publish","hentry"],"_hostinger_reach_plugin_has_subscription_block":false,"_hostinger_reach_plugin_is_elementor":false,"_links":{"self":[{"href":"https:\/\/holy-incense.com\/en\/wp-json\/wp\/v2\/pages\/805","targetHints":{"allow":["GET"]}}],"collection":[{"href":"https:\/\/holy-incense.com\/en\/wp-json\/wp\/v2\/pages"}],"about":[{"href":"https:\/\/holy-incense.com\/en\/wp-json\/wp\/v2\/types\/page"}],"author":[{"embeddable":true,"href":"https:\/\/holy-incense.com\/en\/wp-json\/wp\/v2\/users\/2"}],"replies":[{"embeddable":true,"href":"https:\/\/holy-incense.com\/en\/wp-json\/wp\/v2\/comments?post=805"}],"version-history":[{"count":38,"href":"https:\/\/holy-incense.com\/en\/wp-json\/wp\/v2\/pages\/805\/revisions"}],"predecessor-version":[{"id":870,"href":"https:\/\/holy-incense.com\/en\/wp-json\/wp\/v2\/pages\/805\/revisions\/870"}],"wp:attachment":[{"href":"https:\/\/holy-incense.com\/en\/wp-json\/wp\/v2\/media?parent=805"}],"curies":[{"name":"WP","href":"https:\/\/api.w.org\/{rel}","templated":true}]}}